{"id":250,"date":"2020-06-02T18:17:27","date_gmt":"2020-06-02T16:17:27","guid":{"rendered":"http:\/\/www.ergotherapie-k\u00e4rnten.at\/?page_id=250"},"modified":"2020-07-28T16:26:53","modified_gmt":"2020-07-28T14:26:53","slug":"ergotherapie","status":"publish","type":"page","link":"https:\/\/www.ergotherapie-k\u00e4rnten.at\/?page_id=250","title":{"rendered":"Ergotherapie"},"content":{"rendered":"\n<p><em>Entwicklung in Gang bringen und den Alltag meistern<\/em><\/p>\n\n\n\n<p>Aufgrund unterschiedlicher Ursachen k\u00f6nnen Entwicklungsst\u00f6rungen auftreten, die Auswirkungen auf den kindlichen Alltag haben k\u00f6nnen.&nbsp;Neben gezielt eingesetzten Behandlungstechniken und Trainingsmethoden werden in der Ergotherapie alltagsrelevante T\u00e4tigkeiten und Spiele therapeutisch genutzt. Dabei steht bei Diagnostik und Therapie immer das Kind in seiner Ganzheit im Mittelpunkt! Der regelm\u00e4\u00dfige Austausch mit Eltern, dem Kinderarzt und den P\u00e4dagogen ist daher unabdingbar.<\/p>\n\n\n\n<div class=\"wp-block-image is-style-default\"><figure class=\"aligncenter size-large\"><img loading=\"lazy\" decoding=\"async\" width=\"1024\" height=\"768\" src=\"https:\/\/www.ergotherapie-k\u00e4rnten.at\/wp-content\/uploads\/2020\/05\/malen_kinder_fingermalen_kaernten_kindertherapie_klagenfurt-1024x768.jpg\" alt=\"\" class=\"wp-image-146\" srcset=\"https:\/\/www.ergotherapie-k\u00e4rnten.at\/wp-content\/uploads\/2020\/05\/malen_kinder_fingermalen_kaernten_kindertherapie_klagenfurt-1024x768.jpg 1024w, https:\/\/www.ergotherapie-k\u00e4rnten.at\/wp-content\/uploads\/2020\/05\/malen_kinder_fingermalen_kaernten_kindertherapie_klagenfurt-300x225.jpg 300w, https:\/\/www.ergotherapie-k\u00e4rnten.at\/wp-content\/uploads\/2020\/05\/malen_kinder_fingermalen_kaernten_kindertherapie_klagenfurt-768x576.jpg 768w, https:\/\/www.ergotherapie-k\u00e4rnten.at\/wp-content\/uploads\/2020\/05\/malen_kinder_fingermalen_kaernten_kindertherapie_klagenfurt-1536x1152.jpg 1536w, https:\/\/www.ergotherapie-k\u00e4rnten.at\/wp-content\/uploads\/2020\/05\/malen_kinder_fingermalen_kaernten_kindertherapie_klagenfurt.jpg 1890w\" sizes=\"auto, (max-width: 767px) 89vw, (max-width: 1000px) 54vw, (max-width: 1071px) 543px, 580px\" \/><\/figure><\/div>\n\n\n\n<h2 class=\"wp-block-heading\">Der Weg zur Ergotherapie<\/h2>\n\n\n\n<ul class=\"wp-block-list\"><li>Zuweisung vom Kinder- oder Facharzt<\/li><li>Bewilligung durch die Krankenkasse<\/li><li>Terminvereinbarung<\/li><li>Einreichung der Honorarnote bei Ihrer Krankenkasse<br>(Differenzbetrag kann von Zusatzversicherungen \u00fcbernommen werden)<\/li><\/ul>\n","protected":false},"excerpt":{"rendered":"<p>Entwicklung in Gang bringen und den Alltag meistern Aufgrund unterschiedlicher Ursachen k\u00f6nnen Entwicklungsst\u00f6rungen auftreten, die Auswirkungen auf den kindlichen Alltag haben k\u00f6nnen.&nbsp;Neben gezielt eingesetzten Behandlungstechniken und Trainingsmethoden werden in der Ergotherapie alltagsrelevante T\u00e4tigkeiten und Spiele therapeutisch genutzt. Dabei steht bei Diagnostik und Therapie immer das Kind in seiner Ganzheit im Mittelpunkt! Der regelm\u00e4\u00dfige Austausch mit &hellip; <\/p>\n<p class=\"link-more\"><a href=\"https:\/\/www.ergotherapie-k\u00e4rnten.at\/?page_id=250\" class=\"more-link\"><span class=\"screen-reader-text\">\u201eErgotherapie\u201c<\/span> weiterlesen<\/a><\/p>\n","protected":false},"author":1,"featured_media":153,"parent":0,"menu_order":0,"comment_status":"closed","ping_status":"closed","template":"","meta":{"footnotes":""},"class_list":["post-250","page","type-page","status-publish","has-post-thumbnail","hentry"],"yoast_head":"<!-- This site is optimized with the Yoast SEO plugin v24.9 - https:\/\/yoast.com\/wordpress\/plugins\/seo\/ -->\n<title>Ergotherapie - Ergotherapie<\/title>\n<meta name=\"description\" content=\"Neben gezielten Behandlungstechniken und Trainingsmethoden werden in der Ergotherapie alltagsrelevante T\u00e4tigkeiten und Spiele eingesetzt.\" \/>\n<meta name=\"robots\" content=\"index, follow, max-snippet:-1, max-image-preview:large, max-video-preview:-1\" \/>\n<link rel=\"canonical\" href=\"https:\/\/www.ergotherapie-k\u00e4rnten.at\/?page_id=250\" \/>\n<meta property=\"og:locale\" content=\"de_DE\" \/>\n<meta property=\"og:type\" content=\"article\" \/>\n<meta property=\"og:title\" content=\"Ergotherapie - Ergotherapie\" \/>\n<meta property=\"og:description\" content=\"Neben gezielten Behandlungstechniken und Trainingsmethoden werden in der Ergotherapie alltagsrelevante T\u00e4tigkeiten und Spiele eingesetzt.\" \/>\n<meta property=\"og:url\" content=\"https:\/\/www.ergotherapie-k\u00e4rnten.at\/?page_id=250\" \/>\n<meta property=\"og:site_name\" content=\"Ergotherapie\" \/>\n<meta property=\"article:modified_time\" content=\"2020-07-28T14:26:53+00:00\" \/>\n<meta property=\"og:image\" content=\"https:\/\/www.ergotherapie-k\u00e4rnten.at\/wp-content\/uploads\/2020\/05\/behandlung_therapie_kinder_schulkinder_babys_ergotherapie.jpg\" \/>\n\t<meta property=\"og:image:width\" content=\"1600\" \/>\n\t<meta property=\"og:image:height\" content=\"650\" \/>\n\t<meta property=\"og:image:type\" content=\"image\/jpeg\" \/>\n<meta name=\"twitter:card\" content=\"summary_large_image\" \/>\n<script type=\"application\/ld+json\" class=\"yoast-schema-graph\">{\"@context\":\"https:\/\/schema.org\",\"@graph\":[{\"@type\":\"WebPage\",\"@id\":\"https:\/\/www.ergotherapie-k\u00e4rnten.at\/?page_id=250\",\"url\":\"https:\/\/www.ergotherapie-k\u00e4rnten.at\/?page_id=250\",\"name\":\"Ergotherapie - Ergotherapie\",\"isPartOf\":{\"@id\":\"https:\/\/www.ergotherapie-k\u00e4rnten.at\/#website\"},\"primaryImageOfPage\":{\"@id\":\"https:\/\/www.ergotherapie-k\u00e4rnten.at\/?page_id=250#primaryimage\"},\"image\":{\"@id\":\"https:\/\/www.ergotherapie-k\u00e4rnten.at\/?page_id=250#primaryimage\"},\"thumbnailUrl\":\"https:\/\/www.ergotherapie-k\u00e4rnten.at\/wp-content\/uploads\/2020\/05\/behandlung_therapie_kinder_schulkinder_babys_ergotherapie.jpg\",\"datePublished\":\"2020-06-02T16:17:27+00:00\",\"dateModified\":\"2020-07-28T14:26:53+00:00\",\"description\":\"Neben gezielten Behandlungstechniken und Trainingsmethoden werden in der Ergotherapie alltagsrelevante T\u00e4tigkeiten und Spiele eingesetzt.\",\"breadcrumb\":{\"@id\":\"https:\/\/www.ergotherapie-k\u00e4rnten.at\/?page_id=250#breadcrumb\"},\"inLanguage\":\"de\",\"potentialAction\":[{\"@type\":\"ReadAction\",\"target\":[\"https:\/\/www.ergotherapie-k\u00e4rnten.at\/?page_id=250\"]}]},{\"@type\":\"ImageObject\",\"inLanguage\":\"de\",\"@id\":\"https:\/\/www.ergotherapie-k\u00e4rnten.at\/?page_id=250#primaryimage\",\"url\":\"https:\/\/www.ergotherapie-k\u00e4rnten.at\/wp-content\/uploads\/2020\/05\/behandlung_therapie_kinder_schulkinder_babys_ergotherapie.jpg\",\"contentUrl\":\"https:\/\/www.ergotherapie-k\u00e4rnten.at\/wp-content\/uploads\/2020\/05\/behandlung_therapie_kinder_schulkinder_babys_ergotherapie.jpg\",\"width\":1600,\"height\":650},{\"@type\":\"BreadcrumbList\",\"@id\":\"https:\/\/www.ergotherapie-k\u00e4rnten.at\/?page_id=250#breadcrumb\",\"itemListElement\":[{\"@type\":\"ListItem\",\"position\":1,\"name\":\"Startseite\",\"item\":\"https:\/\/www.ergotherapie-k\u00e4rnten.at\/\"},{\"@type\":\"ListItem\",\"position\":2,\"name\":\"Ergotherapie\"}]},{\"@type\":\"WebSite\",\"@id\":\"https:\/\/www.ergotherapie-k\u00e4rnten.at\/#website\",\"url\":\"https:\/\/www.ergotherapie-k\u00e4rnten.at\/\",\"name\":\"Ergotherapie\",\"description\":\"Kathrin Rabensteiner-Vierbach\",\"potentialAction\":[{\"@type\":\"SearchAction\",\"target\":{\"@type\":\"EntryPoint\",\"urlTemplate\":\"https:\/\/www.ergotherapie-k\u00e4rnten.at\/?s={search_term_string}\"},\"query-input\":{\"@type\":\"PropertyValueSpecification\",\"valueRequired\":true,\"valueName\":\"search_term_string\"}}],\"inLanguage\":\"de\"}]}<\/script>\n<!-- \/ Yoast SEO plugin. -->","yoast_head_json":{"title":"Ergotherapie - Ergotherapie","description":"Neben gezielten Behandlungstechniken und Trainingsmethoden werden in der Ergotherapie alltagsrelevante T\u00e4tigkeiten und Spiele eingesetzt.","robots":{"index":"index","follow":"follow","max-snippet":"max-snippet:-1","max-image-preview":"max-image-preview:large","max-video-preview":"max-video-preview:-1"},"canonical":"https:\/\/www.ergotherapie-k\u00e4rnten.at\/?page_id=250","og_locale":"de_DE","og_type":"article","og_title":"Ergotherapie - Ergotherapie","og_description":"Neben gezielten Behandlungstechniken und Trainingsmethoden werden in der Ergotherapie alltagsrelevante T\u00e4tigkeiten und Spiele eingesetzt.","og_url":"https:\/\/www.ergotherapie-k\u00e4rnten.at\/?page_id=250","og_site_name":"Ergotherapie","article_modified_time":"2020-07-28T14:26:53+00:00","og_image":[{"width":1600,"height":650,"url":"https:\/\/www.ergotherapie-k\u00e4rnten.at\/wp-content\/uploads\/2020\/05\/behandlung_therapie_kinder_schulkinder_babys_ergotherapie.jpg","type":"image\/jpeg"}],"twitter_card":"summary_large_image","schema":{"@context":"https:\/\/schema.org","@graph":[{"@type":"WebPage","@id":"https:\/\/www.ergotherapie-k\u00e4rnten.at\/?page_id=250","url":"https:\/\/www.ergotherapie-k\u00e4rnten.at\/?page_id=250","name":"Ergotherapie - Ergotherapie","isPartOf":{"@id":"https:\/\/www.ergotherapie-k\u00e4rnten.at\/#website"},"primaryImageOfPage":{"@id":"https:\/\/www.ergotherapie-k\u00e4rnten.at\/?page_id=250#primaryimage"},"image":{"@id":"https:\/\/www.ergotherapie-k\u00e4rnten.at\/?page_id=250#primaryimage"},"thumbnailUrl":"https:\/\/www.ergotherapie-k\u00e4rnten.at\/wp-content\/uploads\/2020\/05\/behandlung_therapie_kinder_schulkinder_babys_ergotherapie.jpg","datePublished":"2020-06-02T16:17:27+00:00","dateModified":"2020-07-28T14:26:53+00:00","description":"Neben gezielten Behandlungstechniken und Trainingsmethoden werden in der Ergotherapie alltagsrelevante T\u00e4tigkeiten und Spiele eingesetzt.","breadcrumb":{"@id":"https:\/\/www.ergotherapie-k\u00e4rnten.at\/?page_id=250#breadcrumb"},"inLanguage":"de","potentialAction":[{"@type":"ReadAction","target":["https:\/\/www.ergotherapie-k\u00e4rnten.at\/?page_id=250"]}]},{"@type":"ImageObject","inLanguage":"de","@id":"https:\/\/www.ergotherapie-k\u00e4rnten.at\/?page_id=250#primaryimage","url":"https:\/\/www.ergotherapie-k\u00e4rnten.at\/wp-content\/uploads\/2020\/05\/behandlung_therapie_kinder_schulkinder_babys_ergotherapie.jpg","contentUrl":"https:\/\/www.ergotherapie-k\u00e4rnten.at\/wp-content\/uploads\/2020\/05\/behandlung_therapie_kinder_schulkinder_babys_ergotherapie.jpg","width":1600,"height":650},{"@type":"BreadcrumbList","@id":"https:\/\/www.ergotherapie-k\u00e4rnten.at\/?page_id=250#breadcrumb","itemListElement":[{"@type":"ListItem","position":1,"name":"Startseite","item":"https:\/\/www.ergotherapie-k\u00e4rnten.at\/"},{"@type":"ListItem","position":2,"name":"Ergotherapie"}]},{"@type":"WebSite","@id":"https:\/\/www.ergotherapie-k\u00e4rnten.at\/#website","url":"https:\/\/www.ergotherapie-k\u00e4rnten.at\/","name":"Ergotherapie","description":"Kathrin Rabensteiner-Vierbach","potentialAction":[{"@type":"SearchAction","target":{"@type":"EntryPoint","urlTemplate":"https:\/\/www.ergotherapie-k\u00e4rnten.at\/?s={search_term_string}"},"query-input":{"@type":"PropertyValueSpecification","valueRequired":true,"valueName":"search_term_string"}}],"inLanguage":"de"}]}},"_links":{"self":[{"href":"https:\/\/www.ergotherapie-k\u00e4rnten.at\/index.php?rest_route=\/wp\/v2\/pages\/250","targetHints":{"allow":["GET"]}}],"collection":[{"href":"https:\/\/www.ergotherapie-k\u00e4rnten.at\/index.php?rest_route=\/wp\/v2\/pages"}],"about":[{"href":"https:\/\/www.ergotherapie-k\u00e4rnten.at\/index.php?rest_route=\/wp\/v2\/types\/page"}],"author":[{"embeddable":true,"href":"https:\/\/www.ergotherapie-k\u00e4rnten.at\/index.php?rest_route=\/wp\/v2\/users\/1"}],"replies":[{"embeddable":true,"href":"https:\/\/www.ergotherapie-k\u00e4rnten.at\/index.php?rest_route=%2Fwp%2Fv2%2Fcomments&post=250"}],"version-history":[{"count":7,"href":"https:\/\/www.ergotherapie-k\u00e4rnten.at\/index.php?rest_route=\/wp\/v2\/pages\/250\/revisions"}],"predecessor-version":[{"id":399,"href":"https:\/\/www.ergotherapie-k\u00e4rnten.at\/index.php?rest_route=\/wp\/v2\/pages\/250\/revisions\/399"}],"wp:featuredmedia":[{"embeddable":true,"href":"https:\/\/www.ergotherapie-k\u00e4rnten.at\/index.php?rest_route=\/wp\/v2\/media\/153"}],"wp:attachment":[{"href":"https:\/\/www.ergotherapie-k\u00e4rnten.at\/index.php?rest_route=%2Fwp%2Fv2%2Fmedia&parent=250"}],"curies":[{"name":"wp","href":"https:\/\/api.w.org\/{rel}","templated":true}]}}