{"id":3,"date":"2020-03-05T19:57:06","date_gmt":"2020-03-05T18:57:06","guid":{"rendered":"http:\/\/www.ergotherapie-k\u00e4rnten.at\/?page_id=3"},"modified":"2025-01-04T09:23:29","modified_gmt":"2025-01-04T08:23:29","slug":"datenschutzerklaerung","status":"publish","type":"page","link":"https:\/\/www.ergotherapie-k\u00e4rnten.at\/?page_id=3","title":{"rendered":"Datenschutzerkl\u00e4rung\/Impressum"},"content":{"rendered":"\n<p>Der Schutz Ihrer pers\u00f6nlichen Daten ist uns ein besonderes Anliegen. Wir verarbeiten Ihre Daten daher ausschlie\u00dflich auf Grundlage der gesetzlichen Bestimmungen (DSGVO, DSG 2018, TKG 2003). In diesen Datenschutzinformationen informieren wir Sie \u00fcber die wichtigsten Aspekte der Datenverarbeitung im Rahmen unserer Website. Sie erhalten Informationen dar\u00fcber, welche Daten zu welchem Zweck gespeichert und verarbeitet werden und wie Sie das verhindern oder nach ihrer aktiven Einwilligung widerrufen k\u00f6nnen.<\/p>\n\n\n\n<p><strong>Eigent\u00fcmer und Veranwortlicher f\u00fcr diese Website:<\/strong><\/p>\n\n\n\n<p>Kathrin Rabensteiner-Vierbach<br>Die Stadtpraxis<br>St. Veiter Ring 29,<br>9020 Klagenfurt<\/p>\n\n\n\n<p><\/p>\n\n\n\n<p><strong>Ihre Rechte&nbsp;<\/strong><\/p>\n\n\n\n<p>Ihnen stehen grunds\u00e4tzlich die Rechte auf Auskunft, Berichtigung, L\u00f6schung, Einschr\u00e4nkung der Verarbeitung, Einschr\u00e4nkung der \u00dcbertragung von Daten und der Widerruf gegen die Verarbeitung&nbsp;zu. Sie k\u00f6nnen die im Vorhinein get\u00e4tigten Einwilligungen jederzeit ohne Angabe von Gr\u00fcnden widerrufen. Ein Widerruf hat zur Folge, dass Ihre Daten ab diesem Zeitpunkt nicht mehr verarbeiten werden. Alle oben genannten Daten werden nur mit ausdr\u00fccklicher Zustimmung oder im Rahmen gesetzlicher Pflichten an Dritte weitergegeben.<\/p>\n\n\n\n<p>Wenn Sie der Meinung sind, dass die Verarbeitung Ihrer Daten gegen das Datenschutzrecht verst\u00f6\u00dft oder Ihre datenschutzrechtlichen Anspr\u00fcche sonst in einer Weise verletzt worden sind, k\u00f6nnen Sie sich bei der Aufsichtsbeh\u00f6rde beschweren. In \u00d6sterreich ist dies die Datenschutzbeh\u00f6rde (<a href=\"https:\/\/www.dsb.gv.at\/\">https:\/\/www.dsb.gv.at\/<\/a>).<\/p>\n\n\n\n<p><strong>Cookies&nbsp;<\/strong><\/p>\n\n\n\n<p>Diese Website arbeitet mit Cookies \u2013 das sind kleine Textdateien, die mit Hilfe des Browsers auf Ihrem Endger\u00e4t abgelegt werden. Cookies werden &nbsp;gen\u00fctzt, um die Website nutzerfreundlich zu gestalten. Sie erm\u00f6glichen es, Ihren Browser beim n\u00e4chsten Besuch auf der Website wiederzuerkennen \u2013 m\u00f6chten Sie dies nicht, so k\u00f6nnen Sie Ihren Browser so einrichten, dass er Sie \u00fcber das Setzen von Cookies informiert und Sie dies nur im Einzelfall erlauben. Einige Cookies bleiben auf Ihrem Endger\u00e4t gespeichert, bis Sie diese l\u00f6schen. Bitte beachten Sie, dass bei der Deaktivierung der Cookies die Funktionalit\u00e4t unserer Website eingeschr\u00e4nkt sein kann.<\/p>\n\n\n\n<p><strong>Cookies bearbeiten oder l\u00f6schen<\/strong><\/p>\n\n\n\n<p>Sie k\u00f6nnen die Cookies, die auf Ihrem Ger\u00e4t gespeichert wurden, jederzeit l\u00f6schen oder deaktivieren. M\u00f6glicherweise werden durch das Deaktivieren der Cookies einige Bereiche der Website eingeschr\u00e4nkt dargestellt.<\/p>\n\n\n\n<p>Eine Anleitung zu diesem Vorgang erhalten Sie unter der Google-Suche \u201eCookies + l\u00f6schen + IHR BROWSER&#8220; (Safari, Chrome, Explorer, Firefox).<\/p>\n\n\n\n<p><strong>Fotos<\/strong><\/p>\n\n\n\n<p>Das Copyright der Fotos, die sich auf der Webseite befinden liegt bei Antonia Baumgartner oder bei der Plattform &#8222;Pexels&#8220;.<\/p>\n\n\n\n<p><strong>Sie erreichen mich unter folgenden Kontaktdaten:&nbsp;<\/strong><\/p>\n\n\n\n<p>Kathrin Rabensteiner-Vierbach<br>Telefonnummer: <a href=\"tel: 0650 3824442\">0650 3824442<\/a><\/p>\n","protected":false},"excerpt":{"rendered":"<p>Der Schutz Ihrer pers\u00f6nlichen Daten ist uns ein besonderes Anliegen. Wir verarbeiten Ihre Daten daher ausschlie\u00dflich auf Grundlage der gesetzlichen Bestimmungen (DSGVO, DSG 2018, TKG 2003). In diesen Datenschutzinformationen informieren wir Sie \u00fcber die wichtigsten Aspekte der Datenverarbeitung im Rahmen unserer Website. Sie erhalten Informationen dar\u00fcber, welche Daten zu welchem Zweck gespeichert und verarbeitet werden &hellip; <\/p>\n<p class=\"link-more\"><a href=\"https:\/\/www.ergotherapie-k\u00e4rnten.at\/?page_id=3\" class=\"more-link\"><span class=\"screen-reader-text\">\u201eDatenschutzerkl\u00e4rung\/Impressum\u201c<\/span> weiterlesen<\/a><\/p>\n","protected":false},"author":1,"featured_media":151,"parent":0,"menu_order":0,"comment_status":"closed","ping_status":"open","template":"","meta":{"footnotes":""},"class_list":["post-3","page","type-page","status-publish","has-post-thumbnail","hentry"],"yoast_head":"<!-- This site is optimized with the Yoast SEO plugin v24.9 - https:\/\/yoast.com\/wordpress\/plugins\/seo\/ -->\n<title>Datenschutzerkl\u00e4rung\/Impressum - Ergotherapie<\/title>\n<meta name=\"description\" content=\"Ihre Daten liegen uns am Herzen. In unserer Datenschutzerkl\u00e4rung lesen Sie, wie Cookies bearbeitet oder gel\u00f6scht werden k\u00f6nnen und vieles mehr.\" \/>\n<meta name=\"robots\" content=\"index, follow, max-snippet:-1, max-image-preview:large, max-video-preview:-1\" \/>\n<link rel=\"canonical\" href=\"https:\/\/www.ergotherapie-k\u00e4rnten.at\/?page_id=3\" \/>\n<meta property=\"og:locale\" content=\"de_DE\" \/>\n<meta property=\"og:type\" content=\"article\" \/>\n<meta property=\"og:title\" content=\"Datenschutzerkl\u00e4rung\/Impressum - Ergotherapie\" \/>\n<meta property=\"og:description\" content=\"Ihre Daten liegen uns am Herzen. In unserer Datenschutzerkl\u00e4rung lesen Sie, wie Cookies bearbeitet oder gel\u00f6scht werden k\u00f6nnen und vieles mehr.\" \/>\n<meta property=\"og:url\" content=\"https:\/\/www.ergotherapie-k\u00e4rnten.at\/?page_id=3\" \/>\n<meta property=\"og:site_name\" content=\"Ergotherapie\" \/>\n<meta property=\"article:modified_time\" content=\"2025-01-04T08:23:29+00:00\" \/>\n<meta property=\"og:image\" content=\"https:\/\/www.ergotherapie-k\u00e4rnten.at\/wp-content\/uploads\/2020\/05\/spielendlernen_lerntraining_ergotherapie_kaernten_kinder.jpg\" \/>\n\t<meta property=\"og:image:width\" content=\"1600\" \/>\n\t<meta property=\"og:image:height\" content=\"650\" \/>\n\t<meta property=\"og:image:type\" content=\"image\/jpeg\" \/>\n<meta name=\"twitter:card\" content=\"summary_large_image\" \/>\n<meta name=\"twitter:label1\" content=\"Gesch\u00e4tzte Lesezeit\" \/>\n\t<meta name=\"twitter:data1\" content=\"3\u00a0Minuten\" \/>\n<script type=\"application\/ld+json\" class=\"yoast-schema-graph\">{\"@context\":\"https:\/\/schema.org\",\"@graph\":[{\"@type\":\"WebPage\",\"@id\":\"https:\/\/www.ergotherapie-k\u00e4rnten.at\/?page_id=3\",\"url\":\"https:\/\/www.ergotherapie-k\u00e4rnten.at\/?page_id=3\",\"name\":\"Datenschutzerkl\u00e4rung\/Impressum - Ergotherapie\",\"isPartOf\":{\"@id\":\"https:\/\/www.ergotherapie-k\u00e4rnten.at\/#website\"},\"primaryImageOfPage\":{\"@id\":\"https:\/\/www.ergotherapie-k\u00e4rnten.at\/?page_id=3#primaryimage\"},\"image\":{\"@id\":\"https:\/\/www.ergotherapie-k\u00e4rnten.at\/?page_id=3#primaryimage\"},\"thumbnailUrl\":\"https:\/\/www.ergotherapie-k\u00e4rnten.at\/wp-content\/uploads\/2020\/05\/spielendlernen_lerntraining_ergotherapie_kaernten_kinder.jpg\",\"datePublished\":\"2020-03-05T18:57:06+00:00\",\"dateModified\":\"2025-01-04T08:23:29+00:00\",\"description\":\"Ihre Daten liegen uns am Herzen. In unserer Datenschutzerkl\u00e4rung lesen Sie, wie Cookies bearbeitet oder gel\u00f6scht werden k\u00f6nnen und vieles mehr.\",\"breadcrumb\":{\"@id\":\"https:\/\/www.ergotherapie-k\u00e4rnten.at\/?page_id=3#breadcrumb\"},\"inLanguage\":\"de\",\"potentialAction\":[{\"@type\":\"ReadAction\",\"target\":[\"https:\/\/www.ergotherapie-k\u00e4rnten.at\/?page_id=3\"]}]},{\"@type\":\"ImageObject\",\"inLanguage\":\"de\",\"@id\":\"https:\/\/www.ergotherapie-k\u00e4rnten.at\/?page_id=3#primaryimage\",\"url\":\"https:\/\/www.ergotherapie-k\u00e4rnten.at\/wp-content\/uploads\/2020\/05\/spielendlernen_lerntraining_ergotherapie_kaernten_kinder.jpg\",\"contentUrl\":\"https:\/\/www.ergotherapie-k\u00e4rnten.at\/wp-content\/uploads\/2020\/05\/spielendlernen_lerntraining_ergotherapie_kaernten_kinder.jpg\",\"width\":1600,\"height\":650},{\"@type\":\"BreadcrumbList\",\"@id\":\"https:\/\/www.ergotherapie-k\u00e4rnten.at\/?page_id=3#breadcrumb\",\"itemListElement\":[{\"@type\":\"ListItem\",\"position\":1,\"name\":\"Startseite\",\"item\":\"https:\/\/www.ergotherapie-k\u00e4rnten.at\/\"},{\"@type\":\"ListItem\",\"position\":2,\"name\":\"Datenschutzerkl\u00e4rung\/Impressum\"}]},{\"@type\":\"WebSite\",\"@id\":\"https:\/\/www.ergotherapie-k\u00e4rnten.at\/#website\",\"url\":\"https:\/\/www.ergotherapie-k\u00e4rnten.at\/\",\"name\":\"Ergotherapie\",\"description\":\"Kathrin Rabensteiner-Vierbach\",\"potentialAction\":[{\"@type\":\"SearchAction\",\"target\":{\"@type\":\"EntryPoint\",\"urlTemplate\":\"https:\/\/www.ergotherapie-k\u00e4rnten.at\/?s={search_term_string}\"},\"query-input\":{\"@type\":\"PropertyValueSpecification\",\"valueRequired\":true,\"valueName\":\"search_term_string\"}}],\"inLanguage\":\"de\"}]}<\/script>\n<!-- \/ Yoast SEO plugin. -->","yoast_head_json":{"title":"Datenschutzerkl\u00e4rung\/Impressum - Ergotherapie","description":"Ihre Daten liegen uns am Herzen. In unserer Datenschutzerkl\u00e4rung lesen Sie, wie Cookies bearbeitet oder gel\u00f6scht werden k\u00f6nnen und vieles mehr.","robots":{"index":"index","follow":"follow","max-snippet":"max-snippet:-1","max-image-preview":"max-image-preview:large","max-video-preview":"max-video-preview:-1"},"canonical":"https:\/\/www.ergotherapie-k\u00e4rnten.at\/?page_id=3","og_locale":"de_DE","og_type":"article","og_title":"Datenschutzerkl\u00e4rung\/Impressum - Ergotherapie","og_description":"Ihre Daten liegen uns am Herzen. In unserer Datenschutzerkl\u00e4rung lesen Sie, wie Cookies bearbeitet oder gel\u00f6scht werden k\u00f6nnen und vieles mehr.","og_url":"https:\/\/www.ergotherapie-k\u00e4rnten.at\/?page_id=3","og_site_name":"Ergotherapie","article_modified_time":"2025-01-04T08:23:29+00:00","og_image":[{"width":1600,"height":650,"url":"https:\/\/www.ergotherapie-k\u00e4rnten.at\/wp-content\/uploads\/2020\/05\/spielendlernen_lerntraining_ergotherapie_kaernten_kinder.jpg","type":"image\/jpeg"}],"twitter_card":"summary_large_image","twitter_misc":{"Gesch\u00e4tzte Lesezeit":"3\u00a0Minuten"},"schema":{"@context":"https:\/\/schema.org","@graph":[{"@type":"WebPage","@id":"https:\/\/www.ergotherapie-k\u00e4rnten.at\/?page_id=3","url":"https:\/\/www.ergotherapie-k\u00e4rnten.at\/?page_id=3","name":"Datenschutzerkl\u00e4rung\/Impressum - Ergotherapie","isPartOf":{"@id":"https:\/\/www.ergotherapie-k\u00e4rnten.at\/#website"},"primaryImageOfPage":{"@id":"https:\/\/www.ergotherapie-k\u00e4rnten.at\/?page_id=3#primaryimage"},"image":{"@id":"https:\/\/www.ergotherapie-k\u00e4rnten.at\/?page_id=3#primaryimage"},"thumbnailUrl":"https:\/\/www.ergotherapie-k\u00e4rnten.at\/wp-content\/uploads\/2020\/05\/spielendlernen_lerntraining_ergotherapie_kaernten_kinder.jpg","datePublished":"2020-03-05T18:57:06+00:00","dateModified":"2025-01-04T08:23:29+00:00","description":"Ihre Daten liegen uns am Herzen. In unserer Datenschutzerkl\u00e4rung lesen Sie, wie Cookies bearbeitet oder gel\u00f6scht werden k\u00f6nnen und vieles mehr.","breadcrumb":{"@id":"https:\/\/www.ergotherapie-k\u00e4rnten.at\/?page_id=3#breadcrumb"},"inLanguage":"de","potentialAction":[{"@type":"ReadAction","target":["https:\/\/www.ergotherapie-k\u00e4rnten.at\/?page_id=3"]}]},{"@type":"ImageObject","inLanguage":"de","@id":"https:\/\/www.ergotherapie-k\u00e4rnten.at\/?page_id=3#primaryimage","url":"https:\/\/www.ergotherapie-k\u00e4rnten.at\/wp-content\/uploads\/2020\/05\/spielendlernen_lerntraining_ergotherapie_kaernten_kinder.jpg","contentUrl":"https:\/\/www.ergotherapie-k\u00e4rnten.at\/wp-content\/uploads\/2020\/05\/spielendlernen_lerntraining_ergotherapie_kaernten_kinder.jpg","width":1600,"height":650},{"@type":"BreadcrumbList","@id":"https:\/\/www.ergotherapie-k\u00e4rnten.at\/?page_id=3#breadcrumb","itemListElement":[{"@type":"ListItem","position":1,"name":"Startseite","item":"https:\/\/www.ergotherapie-k\u00e4rnten.at\/"},{"@type":"ListItem","position":2,"name":"Datenschutzerkl\u00e4rung\/Impressum"}]},{"@type":"WebSite","@id":"https:\/\/www.ergotherapie-k\u00e4rnten.at\/#website","url":"https:\/\/www.ergotherapie-k\u00e4rnten.at\/","name":"Ergotherapie","description":"Kathrin Rabensteiner-Vierbach","potentialAction":[{"@type":"SearchAction","target":{"@type":"EntryPoint","urlTemplate":"https:\/\/www.ergotherapie-k\u00e4rnten.at\/?s={search_term_string}"},"query-input":{"@type":"PropertyValueSpecification","valueRequired":true,"valueName":"search_term_string"}}],"inLanguage":"de"}]}},"_links":{"self":[{"href":"https:\/\/www.ergotherapie-k\u00e4rnten.at\/index.php?rest_route=\/wp\/v2\/pages\/3","targetHints":{"allow":["GET"]}}],"collection":[{"href":"https:\/\/www.ergotherapie-k\u00e4rnten.at\/index.php?rest_route=\/wp\/v2\/pages"}],"about":[{"href":"https:\/\/www.ergotherapie-k\u00e4rnten.at\/index.php?rest_route=\/wp\/v2\/types\/page"}],"author":[{"embeddable":true,"href":"https:\/\/www.ergotherapie-k\u00e4rnten.at\/index.php?rest_route=\/wp\/v2\/users\/1"}],"replies":[{"embeddable":true,"href":"https:\/\/www.ergotherapie-k\u00e4rnten.at\/index.php?rest_route=%2Fwp%2Fv2%2Fcomments&post=3"}],"version-history":[{"count":9,"href":"https:\/\/www.ergotherapie-k\u00e4rnten.at\/index.php?rest_route=\/wp\/v2\/pages\/3\/revisions"}],"predecessor-version":[{"id":503,"href":"https:\/\/www.ergotherapie-k\u00e4rnten.at\/index.php?rest_route=\/wp\/v2\/pages\/3\/revisions\/503"}],"wp:featuredmedia":[{"embeddable":true,"href":"https:\/\/www.ergotherapie-k\u00e4rnten.at\/index.php?rest_route=\/wp\/v2\/media\/151"}],"wp:attachment":[{"href":"https:\/\/www.ergotherapie-k\u00e4rnten.at\/index.php?rest_route=%2Fwp%2Fv2%2Fmedia&parent=3"}],"curies":[{"name":"wp","href":"https:\/\/api.w.org\/{rel}","templated":true}]}}