{"id":56,"date":"2020-03-05T20:14:01","date_gmt":"2020-03-05T19:14:01","guid":{"rendered":"http:\/\/www.ergotherapie-k\u00e4rnten.at\/?page_id=56"},"modified":"2025-01-04T09:24:59","modified_gmt":"2025-01-04T08:24:59","slug":"ueber-uns","status":"publish","type":"page","link":"https:\/\/www.ergotherapie-k\u00e4rnten.at\/?page_id=56","title":{"rendered":"\u00dcber mich"},"content":{"rendered":"\n<p>Mein Name ist Kathrin Rabensteiner-Vierbach. Seit 2004 bef\u00e4hige ich als Ergotherapeutin Menschen darin, in ihrem Alltag wieder handlungsf\u00e4hig zu werden oder zu bleiben.&nbsp; Dabei ist meine Arbeit gepr\u00e4gt durch einen interessierten, respektvollen und achtsamen Umgang mit dem K\u00f6rper und seinen Funktionen sowie dem Menschen in seinem systemischen Umfeld.&nbsp;<\/p>\n\n\n\n<p>Durch laufende Fort- und Weiterbildung vor allem in den Bereichen Neurologie, Physiologie, Psychologie und P\u00e4diatrie gelingt mir ein ganzheitlicher Zugang , der mir eine Vielzahl von Therapieans\u00e4tzen erm\u00f6glicht.<\/p>\n\n\n\n<p>Seit 2009 sehe ich in der Craniosacralen Osteopathie eine weitere therapeutische Leidenschaft. Als vorbereitende, begleitende Ma\u00dfnahme in der Ergotherapie oder als eigenst\u00e4ndige Therapieform (keine Kassenleistung) erm\u00f6glicht sie&nbsp; mir eine enorme Bandbreite an M\u00f6glichkeiten. Die Erfolge faszinieren mich immer wieder aufs Neue. Bei Kindern genauso wie bei Erwachsenen.<\/p>\n\n\n\n<p>Mein besonderes Herzst\u00fcck liegt in der Behandlung von Neugeborenen und S\u00e4uglingen, worauf ich mich in den letzten Jahren spezialisiert habe.&nbsp;<\/p>\n\n\n\n<p>Es ist die Liebe zu Kindern, die Faszination der menschlichen Entwicklung und die Hingabe zur Medizin und Gesundheit im weitesten Sinne, welche mich auf meinen therapeutischen Weg gebracht haben.&nbsp;Ich selbst bin Mutter zweier Kinder und lebe mit meiner Familie in Feldkirchen in K\u00e4rnten. <\/p>\n\n\n\n<div class=\"wp-block-group\"><div class=\"wp-block-group__inner-container is-layout-flow wp-block-group-is-layout-flow\"><style type=\"text\/css\" scoped>.rbs_gallery_69fc8d2d3dbafSpinner{\r\n\t\t\t\tmargin: 50px auto;\r\n\t\t\t\twidth: 50px;\r\n\t\t\t\theight: 40px;\r\n\t\t\t\ttext-align: center;\r\n\t\t\t\tfont-size: 10px;\r\n\t\t\t}\r\n\t\t\t.rbs_gallery_69fc8d2d3dbafSpinner > div{\r\n\t\t\t  background-color: #333;\r\n\t\t\t  height: 100%;\r\n\t\t\t  width: 6px;\r\n\t\t\t  display: inline-block;\r\n\t\t\t  -webkit-animation: rbs_gallery_69fc8d2d3dbaf-stretchdelay 1.2s infinite ease-in-out;\r\n\t\t\t  animation: rbs_gallery_69fc8d2d3dbaf-stretchdelay 1.2s infinite ease-in-out;\r\n\t\t\t}\r\n\t\t\t.rbs_gallery_69fc8d2d3dbafSpinner .rbs_gallery_69fc8d2d3dbafRect2 {\r\n\t\t\t  -webkit-animation-delay: -1.1s;\r\n\t\t\t  animation-delay: -1.1s;\r\n\t\t\t}\r\n\t\t\t.rbs_gallery_69fc8d2d3dbafSpinner .rbs_gallery_69fc8d2d3dbafRect3 {\r\n\t\t\t  -webkit-animation-delay: -1.0s;\r\n\t\t\t  animation-delay: -1.0s;\r\n\t\t\t}\r\n\t\t\t.rbs_gallery_69fc8d2d3dbafSpinner .rbs_gallery_69fc8d2d3dbafRect4 {\r\n\t\t\t  -webkit-animation-delay: -0.9s;\r\n\t\t\t  animation-delay: -0.9s;\r\n\t\t\t}\r\n\t\t\t.rbs_gallery_69fc8d2d3dbafSpinner .rbs_gallery_69fc8d2d3dbafRect5 {\r\n\t\t\t  -webkit-animation-delay: -0.8s;\r\n\t\t\t  animation-delay: -0.8s;\r\n\t\t\t}\r\n\t\t\t@-webkit-keyframes rbs_gallery_69fc8d2d3dbaf-stretchdelay {\r\n\t\t\t  0%, 40%, 100% { -webkit-transform: scaleY(0.4) }  \r\n\t\t\t  20% { -webkit-transform: scaleY(1.0) }\r\n\t\t\t}\r\n\t\t\t@keyframes rbs_gallery_69fc8d2d3dbaf-stretchdelay {\r\n\t\t\t  0%, 40%, 100% { \r\n\t\t\t    transform: scaleY(0.4);\r\n\t\t\t    -webkit-transform: scaleY(0.4);\r\n\t\t\t  }  20% { \r\n\t\t\t    transform: scaleY(1.0);\r\n\t\t\t    -webkit-transform: scaleY(1.0);\r\n\t\t\t  }\r\n\t\t\t}\r\n\t\t<\/style><div class=\"robo-gallery-wrap robo-gallery-wrap-id419 robo-gallery-\" ><div id=\"rbs_gallery_69fc8d2d3dbaf-block-loader\" class=\"rbs_gallery_69fc8d2d3dbafSpinner\"><div class=\"rbs_gallery_69fc8d2d3dbafRect1\"><\/div> <div class=\"rbs_gallery_69fc8d2d3dbafRect2\"><\/div> <div class=\"rbs_gallery_69fc8d2d3dbafRect3\"><\/div> <div class=\"rbs_gallery_69fc8d2d3dbafRect4\"><\/div> <div class=\"rbs_gallery_69fc8d2d3dbafRect5\"><\/div><\/div><div class=\"rbs_gallery_button  rbs_gallery_align_left\" id=\"rbs_gallery_69fc8d2d3dbaffilter\" style=\" display: none;\" ><\/div><div id=\"robo_gallery_main_block_rbs_gallery_69fc8d2d3dbaf\" class=\"robogallery-gallery-419\" style=\"width:100%;  display: none;\"><div id=\"rbs_gallery_69fc8d2d3dbaf\" data-options=\"rbs_gallery_69fc8d2d3dbaf\" style=\"width:100%;\" class=\"robo_gallery  \"><div class=\"rbs-img  category419 \" ><div class=\"rbs-img-image   rbs-lightbox \" ><div class=\"rbs-img-thumbs\"  data-thumbnail=\"https:\/\/www.ergotherapie-k\u00e4rnten.at\/wp-content\/uploads\/2020\/06\/kathrin_rabensteinervierbach_kaernten_ergotherpie_klagenfurt-300x225.jpg\"  title=\"kathrin_rabensteinervierbach_kaernten_ergotherpie_klagenfurt\"  data-width=\"300\"  data-height=\"225\" ><\/div><div class=\"rbs-img-data-popup\"  data-popup=\"https:\/\/www.ergotherapie-k\u00e4rnten.at\/wp-content\/uploads\/2020\/06\/kathrin_rabensteinervierbach_kaernten_ergotherpie_klagenfurt.jpg\"  title=\"kathrin_rabensteinervierbach_kaernten_ergotherpie_klagenfurt\" ><\/div><div class=\"thumbnail-overlay\"><div class=\"rbsIcons\"><i class=\"fa fa-search-plus rbsZoomIcon \" ><\/i><\/div><\/div><\/div><\/div><div class=\"rbs-img  category419 \" ><div class=\"rbs-img-image   rbs-lightbox \" ><div class=\"rbs-img-thumbs\"  data-thumbnail=\"https:\/\/www.ergotherapie-k\u00e4rnten.at\/wp-content\/uploads\/2020\/05\/kathrin_rabensteiner_vierbach_ergotherapie_kaernten_klagenfurt_kinder_jugendliche_behandlung-300x225.jpg\"  title=\"kathrin_rabensteiner_vierbach_ergotherapie_kaernten_klagenfurt_kinder_jugendliche_behandlung\"  data-width=\"300\"  data-height=\"225\" ><\/div><div class=\"rbs-img-data-popup\"  data-popup=\"https:\/\/www.ergotherapie-k\u00e4rnten.at\/wp-content\/uploads\/2020\/05\/kathrin_rabensteiner_vierbach_ergotherapie_kaernten_klagenfurt_kinder_jugendliche_behandlung.jpg\"  title=\"kathrin_rabensteiner_vierbach_ergotherapie_kaernten_klagenfurt_kinder_jugendliche_behandlung\" ><\/div><div class=\"thumbnail-overlay\"><div class=\"rbsIcons\"><i class=\"fa fa-search-plus rbsZoomIcon \" ><\/i><\/div><\/div><\/div><\/div><div class=\"rbs-img  category419 \" ><div class=\"rbs-img-image   rbs-lightbox \" ><div class=\"rbs-img-thumbs\"  data-thumbnail=\"https:\/\/www.ergotherapie-k\u00e4rnten.at\/wp-content\/uploads\/2020\/07\/uebermich_klagenfurt_kathrnrabensteinervierbach-300x225.jpg\"  title=\"uebermich_klagenfurt_kathrnrabensteinervierbach\"  data-width=\"300\"  data-height=\"225\" ><\/div><div class=\"rbs-img-data-popup\"  data-popup=\"https:\/\/www.ergotherapie-k\u00e4rnten.at\/wp-content\/uploads\/2020\/07\/uebermich_klagenfurt_kathrnrabensteinervierbach.jpg\"  title=\"uebermich_klagenfurt_kathrnrabensteinervierbach\" ><\/div><div class=\"thumbnail-overlay\"><div class=\"rbsIcons\"><i class=\"fa fa-search-plus rbsZoomIcon \" ><\/i><\/div><\/div><\/div><\/div><\/div><\/div><\/div><script>var rbs_gallery_69fc8d2d3dbaf = {\"version\":\"5.0.7\",\"id\":419,\"class\":\"id419\",\"roboGalleryDelay\":1000,\"mainContainer\":\"#robo_gallery_main_block_rbs_gallery_69fc8d2d3dbaf\",\"loadingContainer\":\"#rbs_gallery_69fc8d2d3dbaf-block-loader\",\"loadingContainerObj\":\"rbs_gallery_69fc8d2d3dbaf-block-loader\",\"columnWidth\":\"auto\",\"columns\":3,\"resolutions\":[{\"columnWidth\":\"auto\",\"columns\":3,\"maxWidth\":960},{\"columnWidth\":\"auto\",\"columns\":2,\"maxWidth\":650},{\"columnWidth\":\"auto\",\"columns\":1,\"maxWidth\":450}],\"hideTitle\":true,\"lightboxOptions\":{\"gallery\":{\"enabled\":true,\"tCounter\":\"%curr% of %total%\"}},\"overlayEffect\":\"direction-aware-fade\",\"boxesToLoadStart\":12,\"boxesToLoad\":8,\"waitUntilThumbLoads\":1,\"LoadingWord\":\"Loading...\",\"loadMoreWord\":\"Load More\",\"noMoreEntriesWord\":\"No More Entries\",\"horizontalSpaceBetweenBoxes\":15,\"verticalSpaceBetweenBoxes\":15,\"lazyLoad\":1,\"wrapContainer\":\"#robo-gallery-wrap-rbs_gallery_69fc8d2d3dbaf\",\"filterContainer\":\"#rbs_gallery_69fc8d2d3dbaffilter\",\"loadMoreClass\":\"button-flat-primary button-large \"};<\/script><\/div><\/div>\n\n\n\n<h2 class=\"wp-block-heading\">Werdegang<\/h2>\n\n\n\n<div class=\"wp-block-group\"><div class=\"wp-block-group__inner-container is-layout-flow wp-block-group-is-layout-flow\">\n<ul class=\"wp-block-list\">\n<li>Seit 1. J\u00e4nner 2025<br>Die Stadtpraxis, St. Veiter Ring 29, 9020 Klagenfurt<\/li>\n\n\n\n<li>2020-2024<br>Selbstst\u00e4ndige Ergotherapeutin in der Gesundheitspraxis gang.art\u00a0<\/li>\n\n\n\n<li>2020-2021 Ausbildung zur Rotatherapeutin f\u00fcr Erwachsene, Kinder, S\u00e4uglinge und Fr\u00fchgeborene<\/li>\n\n\n\n<li>2013-2019 <br>Klinikum Klagenfurt am W\u00f6rthersee<\/li>\n\n\n\n<li>2006-2010 <br>Ausbildung zur Therapeutin f\u00fcr Craniosacrale Osteopathie am Fortbildungszentrum f\u00fcr medizinische Berufe Klagenfurt<\/li>\n\n\n\n<li>Seit 2005<br>Freiberufliche T\u00e4tigkeit als Ergotherapeutin<br>(SHV Wolfsberg, Physiotherapiezentrum Apfelbaum, Praxis Sumus )<\/li>\n\n\n\n<li>2004-2013 <br>LKH Wolfsberg<\/li>\n\n\n\n<li>2001-2004<br>Akademie f\u00fcr Ergotherapie in K\u00e4rnten<\/li>\n<\/ul>\n<\/div><\/div>\n\n\n\n<h2 class=\"wp-block-heading\">Weiterbildungen<\/h2>\n\n\n\n<ul class=\"wp-block-list\">\n<li>Palpationsanatomie<\/li>\n\n\n\n<li>Acupunkt Massage<\/li>\n\n\n\n<li>Myofaszial Release&nbsp;<\/li>\n\n\n\n<li>Handtherapie<\/li>\n\n\n\n<li>Diverse Schienenkurse<\/li>\n\n\n\n<li>Narbenpflege und Entst\u00f6rung<\/li>\n\n\n\n<li>Wahrnehmungsst\u00f6rungen bei SHT und Hemiplegie (in Anlehnung an F. Affolter)<\/li>\n\n\n\n<li>Grundlagen der Beziehungsarbeit bei Verhaltensauff\u00e4lligkeiten und psychischen Erkrankungen<\/li>\n\n\n\n<li>Borderline- und andere Pers\u00f6nlichkeitsst\u00f6rungen<\/li>\n\n\n\n<li>Suchterkrankungen im Wandel der Zeit<\/li>\n\n\n\n<li>Psychogene Essst\u00f6rungen<\/li>\n\n\n\n<li>Angebote zur Sensorischen Integration&nbsp;<\/li>\n\n\n\n<li>DBT und Skillstraining- der dialektisch behaviorale Ansatz und seine Anwendungsm\u00f6glichkeiten<\/li>\n\n\n\n<li>R\u00e4umliche Wahrnehmung, deren St\u00f6rungen und die Behandlung in der Ergotherapie bei Kindern und Jugendlichen<\/li>\n\n\n\n<li>St\u00f6rungen der visuellen Informationsverarbeitung \u2013 Bedeutung bei Legasthenie und Dyskalkulie<\/li>\n\n\n\n<li>Elterncoaching Legasthenie<\/li>\n\n\n\n<li>Das Foto-Interview \u2013 Kinder bestimmen ihre Ziele selbst<\/li>\n\n\n\n<li>Cranio Sacrale Osteopathie Erwachsene (Grundlagen, Aufbau 1, 2, 3, 4, Psychologietage ,,Supervision &amp; Refresher&#8220;, Pr\u00fcfungskurs)<\/li>\n\n\n\n<li>Cranio Sacrale Kinderosteopathie (Grundlagen, Aufbau 1,2,3,4, Viscerale Osteopathie beim S\u00e4ugling, Biodynamische Arbeit)<\/li>\n\n\n\n<li>Cranio Sacrale Osteopathie \u2013 Biomechanik und Antlitzdiagnostik<\/li>\n\n\n\n<li>Cranio Sacrale Osteopathie \u2013 die Entwicklung von Bissfehlstellungen aus Cranio Sacraler Sicht<\/li>\n\n\n\n<li>Viscerale Osteopathie \u2013 Grundlagen<\/li>\n\n\n\n<li>Voraussetzungen f\u00fcr Aufmerksamkeit und posturale Kontrolle<\/li>\n\n\n\n<li>Osteopathische Begleitung von Mutter und Kind, zeitnah der Geburt <\/li>\n\n\n\n<li>Div. Seminare zu&nbsp; Neuroanatomie, Plastizit\u00e4t des Nervensystems, Gehirn und Lernen<\/li>\n\n\n\n<li>Teilnahme an zahlreichen Kurzfortbildungen und Seminaren im Rahmen meiner T\u00e4tigkeit als Ergotherapeutin im LKH Wolfsberg und Klinikum Klagenfurt am W\u00f6rthersee (2004-2019)&nbsp;<\/li>\n\n\n\n<li>Regelm\u00e4\u00dfige Supervision, Reflexion uns interdisziplin\u00e4rer Austausch mit&nbsp; \u00c4rzten, Hebammen, Physiotherapeuten, Logop\u00e4den und Psychologen.<\/li>\n\n\n\n<li>Rotatherapie in Ausbildung&nbsp;<\/li>\n\n\n\n<li>Fortbildungen und Fachtage zur Therapie im S\u00e4uglingsalter. Die Fortbildungen besch\u00e4ftigen sich unter anderem mit Saug- und Trinkschwierigkeiten, Schreibabys oder mit zu kurzen Zungenb\u00e4ndern. <\/li>\n<\/ul>\n\n\n\n<p>Weitere Informationen finden Sie auf meiner <a href=\"https:\/\/www.facebook.com\/ergotherapie.rabensteiner.vierbach\/\" target=\"_blank\" rel=\"noreferrer noopener\">Facebook-Seite<\/a> oder auf der Webseite der Gesundheitspraxis <a rel=\"noreferrer noopener\" href=\"https:\/\/www.praxis-gangart.at\/kontakt\/\" target=\"_blank\">gang.art.<\/a> <\/p>\n","protected":false},"excerpt":{"rendered":"<p>Mein Name ist Kathrin Rabensteiner-Vierbach. Seit 2004 bef\u00e4hige ich als Ergotherapeutin Menschen darin, in ihrem Alltag wieder handlungsf\u00e4hig zu werden oder zu bleiben.&nbsp; Dabei ist meine Arbeit gepr\u00e4gt durch einen interessierten, respektvollen und achtsamen Umgang mit dem K\u00f6rper und seinen Funktionen sowie dem Menschen in seinem systemischen Umfeld.&nbsp; Durch laufende Fort- und Weiterbildung vor allem &hellip; <\/p>\n<p class=\"link-more\"><a href=\"https:\/\/www.ergotherapie-k\u00e4rnten.at\/?page_id=56\" class=\"more-link\"><span class=\"screen-reader-text\">\u201e\u00dcber mich\u201c<\/span> weiterlesen<\/a><\/p>\n","protected":false},"author":1,"featured_media":154,"parent":0,"menu_order":0,"comment_status":"closed","ping_status":"closed","template":"","meta":{"footnotes":""},"class_list":["post-56","page","type-page","status-publish","has-post-thumbnail","hentry"],"yoast_head":"<!-- This site is optimized with the Yoast SEO plugin v24.9 - https:\/\/yoast.com\/wordpress\/plugins\/seo\/ -->\n<title>\u00dcber mich - Ergotherapie<\/title>\n<meta name=\"description\" content=\"\u00dcber mich \u2013 Kathrin Rabensteiner-Vierbach \u2013 Ergotherapeutin aus Klagenfurt. Spezialisiert auf die Behandlung von Babys, Kleinkinder und Schulkinder.\" \/>\n<meta name=\"robots\" content=\"index, follow, max-snippet:-1, max-image-preview:large, max-video-preview:-1\" \/>\n<link rel=\"canonical\" href=\"https:\/\/www.ergotherapie-k\u00e4rnten.at\/?page_id=56\" \/>\n<meta property=\"og:locale\" content=\"de_DE\" \/>\n<meta property=\"og:type\" content=\"article\" \/>\n<meta property=\"og:title\" content=\"\u00dcber mich - Ergotherapie\" \/>\n<meta property=\"og:description\" content=\"\u00dcber mich \u2013 Kathrin Rabensteiner-Vierbach \u2013 Ergotherapeutin aus Klagenfurt. Spezialisiert auf die Behandlung von Babys, Kleinkinder und Schulkinder.\" \/>\n<meta property=\"og:url\" content=\"https:\/\/www.ergotherapie-k\u00e4rnten.at\/?page_id=56\" \/>\n<meta property=\"og:site_name\" content=\"Ergotherapie\" \/>\n<meta property=\"article:modified_time\" content=\"2025-01-04T08:24:59+00:00\" \/>\n<meta property=\"og:image\" content=\"https:\/\/www.ergotherapie-k\u00e4rnten.at\/wp-content\/uploads\/2020\/05\/uebermich_familie_dasbinich_kontakt_kathrinrabensteinervierbach_ergotherapie_klagenfurt.jpg\" \/>\n\t<meta property=\"og:image:width\" content=\"1600\" \/>\n\t<meta property=\"og:image:height\" content=\"650\" \/>\n\t<meta property=\"og:image:type\" content=\"image\/jpeg\" \/>\n<meta name=\"twitter:card\" content=\"summary_large_image\" \/>\n<meta name=\"twitter:label1\" content=\"Gesch\u00e4tzte Lesezeit\" \/>\n\t<meta name=\"twitter:data1\" content=\"3\u00a0Minuten\" \/>\n<script type=\"application\/ld+json\" class=\"yoast-schema-graph\">{\"@context\":\"https:\/\/schema.org\",\"@graph\":[{\"@type\":\"WebPage\",\"@id\":\"https:\/\/www.ergotherapie-k\u00e4rnten.at\/?page_id=56\",\"url\":\"https:\/\/www.ergotherapie-k\u00e4rnten.at\/?page_id=56\",\"name\":\"\u00dcber mich - Ergotherapie\",\"isPartOf\":{\"@id\":\"https:\/\/www.ergotherapie-k\u00e4rnten.at\/#website\"},\"primaryImageOfPage\":{\"@id\":\"https:\/\/www.ergotherapie-k\u00e4rnten.at\/?page_id=56#primaryimage\"},\"image\":{\"@id\":\"https:\/\/www.ergotherapie-k\u00e4rnten.at\/?page_id=56#primaryimage\"},\"thumbnailUrl\":\"https:\/\/www.ergotherapie-k\u00e4rnten.at\/wp-content\/uploads\/2020\/05\/uebermich_familie_dasbinich_kontakt_kathrinrabensteinervierbach_ergotherapie_klagenfurt.jpg\",\"datePublished\":\"2020-03-05T19:14:01+00:00\",\"dateModified\":\"2025-01-04T08:24:59+00:00\",\"description\":\"\u00dcber mich \u2013 Kathrin Rabensteiner-Vierbach \u2013 Ergotherapeutin aus Klagenfurt. Spezialisiert auf die Behandlung von Babys, Kleinkinder und Schulkinder.\",\"breadcrumb\":{\"@id\":\"https:\/\/www.ergotherapie-k\u00e4rnten.at\/?page_id=56#breadcrumb\"},\"inLanguage\":\"de\",\"potentialAction\":[{\"@type\":\"ReadAction\",\"target\":[\"https:\/\/www.ergotherapie-k\u00e4rnten.at\/?page_id=56\"]}]},{\"@type\":\"ImageObject\",\"inLanguage\":\"de\",\"@id\":\"https:\/\/www.ergotherapie-k\u00e4rnten.at\/?page_id=56#primaryimage\",\"url\":\"https:\/\/www.ergotherapie-k\u00e4rnten.at\/wp-content\/uploads\/2020\/05\/uebermich_familie_dasbinich_kontakt_kathrinrabensteinervierbach_ergotherapie_klagenfurt.jpg\",\"contentUrl\":\"https:\/\/www.ergotherapie-k\u00e4rnten.at\/wp-content\/uploads\/2020\/05\/uebermich_familie_dasbinich_kontakt_kathrinrabensteinervierbach_ergotherapie_klagenfurt.jpg\",\"width\":1600,\"height\":650},{\"@type\":\"BreadcrumbList\",\"@id\":\"https:\/\/www.ergotherapie-k\u00e4rnten.at\/?page_id=56#breadcrumb\",\"itemListElement\":[{\"@type\":\"ListItem\",\"position\":1,\"name\":\"Startseite\",\"item\":\"https:\/\/www.ergotherapie-k\u00e4rnten.at\/\"},{\"@type\":\"ListItem\",\"position\":2,\"name\":\"\u00dcber mich\"}]},{\"@type\":\"WebSite\",\"@id\":\"https:\/\/www.ergotherapie-k\u00e4rnten.at\/#website\",\"url\":\"https:\/\/www.ergotherapie-k\u00e4rnten.at\/\",\"name\":\"Ergotherapie\",\"description\":\"Kathrin Rabensteiner-Vierbach\",\"potentialAction\":[{\"@type\":\"SearchAction\",\"target\":{\"@type\":\"EntryPoint\",\"urlTemplate\":\"https:\/\/www.ergotherapie-k\u00e4rnten.at\/?s={search_term_string}\"},\"query-input\":{\"@type\":\"PropertyValueSpecification\",\"valueRequired\":true,\"valueName\":\"search_term_string\"}}],\"inLanguage\":\"de\"}]}<\/script>\n<!-- \/ Yoast SEO plugin. -->","yoast_head_json":{"title":"\u00dcber mich - Ergotherapie","description":"\u00dcber mich \u2013 Kathrin Rabensteiner-Vierbach \u2013 Ergotherapeutin aus Klagenfurt. Spezialisiert auf die Behandlung von Babys, Kleinkinder und Schulkinder.","robots":{"index":"index","follow":"follow","max-snippet":"max-snippet:-1","max-image-preview":"max-image-preview:large","max-video-preview":"max-video-preview:-1"},"canonical":"https:\/\/www.ergotherapie-k\u00e4rnten.at\/?page_id=56","og_locale":"de_DE","og_type":"article","og_title":"\u00dcber mich - Ergotherapie","og_description":"\u00dcber mich \u2013 Kathrin Rabensteiner-Vierbach \u2013 Ergotherapeutin aus Klagenfurt. Spezialisiert auf die Behandlung von Babys, Kleinkinder und Schulkinder.","og_url":"https:\/\/www.ergotherapie-k\u00e4rnten.at\/?page_id=56","og_site_name":"Ergotherapie","article_modified_time":"2025-01-04T08:24:59+00:00","og_image":[{"width":1600,"height":650,"url":"https:\/\/www.ergotherapie-k\u00e4rnten.at\/wp-content\/uploads\/2020\/05\/uebermich_familie_dasbinich_kontakt_kathrinrabensteinervierbach_ergotherapie_klagenfurt.jpg","type":"image\/jpeg"}],"twitter_card":"summary_large_image","twitter_misc":{"Gesch\u00e4tzte Lesezeit":"3\u00a0Minuten"},"schema":{"@context":"https:\/\/schema.org","@graph":[{"@type":"WebPage","@id":"https:\/\/www.ergotherapie-k\u00e4rnten.at\/?page_id=56","url":"https:\/\/www.ergotherapie-k\u00e4rnten.at\/?page_id=56","name":"\u00dcber mich - Ergotherapie","isPartOf":{"@id":"https:\/\/www.ergotherapie-k\u00e4rnten.at\/#website"},"primaryImageOfPage":{"@id":"https:\/\/www.ergotherapie-k\u00e4rnten.at\/?page_id=56#primaryimage"},"image":{"@id":"https:\/\/www.ergotherapie-k\u00e4rnten.at\/?page_id=56#primaryimage"},"thumbnailUrl":"https:\/\/www.ergotherapie-k\u00e4rnten.at\/wp-content\/uploads\/2020\/05\/uebermich_familie_dasbinich_kontakt_kathrinrabensteinervierbach_ergotherapie_klagenfurt.jpg","datePublished":"2020-03-05T19:14:01+00:00","dateModified":"2025-01-04T08:24:59+00:00","description":"\u00dcber mich \u2013 Kathrin Rabensteiner-Vierbach \u2013 Ergotherapeutin aus Klagenfurt. Spezialisiert auf die Behandlung von Babys, Kleinkinder und Schulkinder.","breadcrumb":{"@id":"https:\/\/www.ergotherapie-k\u00e4rnten.at\/?page_id=56#breadcrumb"},"inLanguage":"de","potentialAction":[{"@type":"ReadAction","target":["https:\/\/www.ergotherapie-k\u00e4rnten.at\/?page_id=56"]}]},{"@type":"ImageObject","inLanguage":"de","@id":"https:\/\/www.ergotherapie-k\u00e4rnten.at\/?page_id=56#primaryimage","url":"https:\/\/www.ergotherapie-k\u00e4rnten.at\/wp-content\/uploads\/2020\/05\/uebermich_familie_dasbinich_kontakt_kathrinrabensteinervierbach_ergotherapie_klagenfurt.jpg","contentUrl":"https:\/\/www.ergotherapie-k\u00e4rnten.at\/wp-content\/uploads\/2020\/05\/uebermich_familie_dasbinich_kontakt_kathrinrabensteinervierbach_ergotherapie_klagenfurt.jpg","width":1600,"height":650},{"@type":"BreadcrumbList","@id":"https:\/\/www.ergotherapie-k\u00e4rnten.at\/?page_id=56#breadcrumb","itemListElement":[{"@type":"ListItem","position":1,"name":"Startseite","item":"https:\/\/www.ergotherapie-k\u00e4rnten.at\/"},{"@type":"ListItem","position":2,"name":"\u00dcber mich"}]},{"@type":"WebSite","@id":"https:\/\/www.ergotherapie-k\u00e4rnten.at\/#website","url":"https:\/\/www.ergotherapie-k\u00e4rnten.at\/","name":"Ergotherapie","description":"Kathrin Rabensteiner-Vierbach","potentialAction":[{"@type":"SearchAction","target":{"@type":"EntryPoint","urlTemplate":"https:\/\/www.ergotherapie-k\u00e4rnten.at\/?s={search_term_string}"},"query-input":{"@type":"PropertyValueSpecification","valueRequired":true,"valueName":"search_term_string"}}],"inLanguage":"de"}]}},"_links":{"self":[{"href":"https:\/\/www.ergotherapie-k\u00e4rnten.at\/index.php?rest_route=\/wp\/v2\/pages\/56","targetHints":{"allow":["GET"]}}],"collection":[{"href":"https:\/\/www.ergotherapie-k\u00e4rnten.at\/index.php?rest_route=\/wp\/v2\/pages"}],"about":[{"href":"https:\/\/www.ergotherapie-k\u00e4rnten.at\/index.php?rest_route=\/wp\/v2\/types\/page"}],"author":[{"embeddable":true,"href":"https:\/\/www.ergotherapie-k\u00e4rnten.at\/index.php?rest_route=\/wp\/v2\/users\/1"}],"replies":[{"embeddable":true,"href":"https:\/\/www.ergotherapie-k\u00e4rnten.at\/index.php?rest_route=%2Fwp%2Fv2%2Fcomments&post=56"}],"version-history":[{"count":21,"href":"https:\/\/www.ergotherapie-k\u00e4rnten.at\/index.php?rest_route=\/wp\/v2\/pages\/56\/revisions"}],"predecessor-version":[{"id":504,"href":"https:\/\/www.ergotherapie-k\u00e4rnten.at\/index.php?rest_route=\/wp\/v2\/pages\/56\/revisions\/504"}],"wp:featuredmedia":[{"embeddable":true,"href":"https:\/\/www.ergotherapie-k\u00e4rnten.at\/index.php?rest_route=\/wp\/v2\/media\/154"}],"wp:attachment":[{"href":"https:\/\/www.ergotherapie-k\u00e4rnten.at\/index.php?rest_route=%2Fwp%2Fv2%2Fmedia&parent=56"}],"curies":[{"name":"wp","href":"https:\/\/api.w.org\/{rel}","templated":true}]}}